{"id":329778,"date":"2024-11-25T10:06:58","date_gmt":"2024-11-25T09:06:58","guid":{"rendered":"https:\/\/toclic.io\/blog\/"},"modified":"2025-05-27T03:31:12","modified_gmt":"2025-05-27T01:31:12","slug":"blog","status":"publish","type":"page","link":"https:\/\/toclic.io\/fr\/blog\/","title":{"rendered":"Blog"},"content":{"rendered":"<p>[et_pb_section fb_built=\u00a0\u00bb1&Prime; _builder_version=\u00a0\u00bb4.27.4&Prime; _module_preset=\u00a0\u00bbdefault\u00a0\u00bb background_color=\u00a0\u00bb#0C0051&Prime; use_background_color_gradient=\u00a0\u00bbon\u00a0\u00bb background_color_gradient_stops=\u00a0\u00bb#0c0051 0%|#0a0a0a 100%\u00a0\u00bb custom_margin=\u00a0\u00bb||||false|false\u00a0\u00bb custom_padding=\u00a0\u00bb85px|0px|45px|0px|false|false\u00a0\u00bb enable_particle_js=\u00a0\u00bbon\u00a0\u00bb particle_js_style=\u00a0\u00bbcircle\u00a0\u00bb particle_flow_direction=\u00a0\u00bbtop\u00a0\u00bb particle_color=\u00a0\u00bbrgba(255,255,255,0.4)\u00a0\u00bb particle_color_opacity=\u00a0\u00bb50&Prime; particle_advanced_settings=\u00a0\u00bbon\u00a0\u00bb particle_total_numbers=\u00a0\u00bb50&Prime; particle_size=\u00a0\u00bb7&Prime; particle_move_speed=\u00a0\u00bb3&Prime; particle_ishoverinteractive=\u00a0\u00bbon\u00a0\u00bb particle_isclickinteractive=\u00a0\u00bbon\u00a0\u00bb particle_linked_line_color=\u00a0\u00bb#FFFFFF\u00a0\u00bb border_radii=\u00a0\u00bboff||||\u00a0\u00bb locked=\u00a0\u00bboff\u00a0\u00bb global_colors_info=\u00a0\u00bb{}\u00a0\u00bb][et_pb_row column_structure=\u00a0\u00bb1_2,1_2&Prime; use_custom_gutter=\u00a0\u00bbon\u00a0\u00bb gutter_width=\u00a0\u00bb1&Prime; make_equal=\u00a0\u00bbon\u00a0\u00bb _builder_version=\u00a0\u00bb4.27.0&Prime; _module_preset=\u00a0\u00bbdefault\u00a0\u00bb width=\u00a0\u00bb90%\u00a0\u00bb width_tablet=\u00a0\u00bb95%\u00a0\u00bb width_phone=\u00a0\u00bb95%\u00a0\u00bb width_last_edited=\u00a0\u00bbon|phone\u00a0\u00bb max_width=\u00a0\u00bb90%\u00a0\u00bb max_width_tablet=\u00a0\u00bb95%\u00a0\u00bb max_width_phone=\u00a0\u00bb95%\u00a0\u00bb max_width_last_edited=\u00a0\u00bbon|phone\u00a0\u00bb custom_margin=\u00a0\u00bb15px||||false|false\u00a0\u00bb custom_padding=\u00a0\u00bb||20px||false|false\u00a0\u00bb border_radii=\u00a0\u00bboff|||30px|30px\u00a0\u00bb global_colors_info=\u00a0\u00bb{}\u00a0\u00bb][et_pb_column type=\u00a0\u00bb1_2&Prime; _builder_version=\u00a0\u00bb4.20.4&Prime; _module_preset=\u00a0\u00bbdefault\u00a0\u00bb custom_padding=\u00a0\u00bb||||false|false\u00a0\u00bb global_colors_info=\u00a0\u00bb{}\u00a0\u00bb][et_pb_text _builder_version=\u00a0\u00bb4.27.0&Prime; _module_preset=\u00a0\u00bbdefault\u00a0\u00bb text_font=\u00a0\u00bbGotham Book|100||on|||||\u00a0\u00bb text_text_color=\u00a0\u00bb#FFFFFF\u00a0\u00bb text_font_size=\u00a0\u00bb16px\u00a0\u00bb header_font=\u00a0\u00bbGotham Book|600||on|||||\u00a0\u00bb header_text_align=\u00a0\u00bbleft\u00a0\u00bb header_text_color=\u00a0\u00bb#8697C9&Prime; header_font_size=\u00a0\u00bb18px\u00a0\u00bb header_letter_spacing=\u00a0\u00bb-1px\u00a0\u00bb custom_margin=\u00a0\u00bb||0px||false|false\u00a0\u00bb header_text_align_tablet=\u00a0\u00bbleft\u00a0\u00bb header_text_align_phone=\u00a0\u00bbleft\u00a0\u00bb header_text_align_last_edited=\u00a0\u00bbon|phone\u00a0\u00bb header_font_size_tablet=\u00a0\u00bb17px\u00a0\u00bb header_font_size_phone=\u00a0\u00bb16px\u00a0\u00bb header_font_size_last_edited=\u00a0\u00bbon|phone\u00a0\u00bb global_colors_info=\u00a0\u00bb{}\u00a0\u00bb]<\/p>\n<h1>  article<\/h1>\n<p>[\/et_pb_text][et_pb_text _builder_version=\u00a0\u00bb4.27.0&Prime; _module_preset=\u00a0\u00bbdefault\u00a0\u00bb text_font=\u00a0\u00bbGotham Bold|600||on|||||\u00a0\u00bb text_text_color=\u00a0\u00bb#FFFFFF\u00a0\u00bb text_font_size=\u00a0\u00bb50px\u00a0\u00bb text_letter_spacing=\u00a0\u00bb-1px\u00a0\u00bb text_line_height=\u00a0\u00bb1em\u00a0\u00bb header_font=\u00a0\u00bbGotham Bold|600||on|||||\u00a0\u00bb header_text_color=\u00a0\u00bb#FFFFFF\u00a0\u00bb header_font_size=\u00a0\u00bb48px\u00a0\u00bb header_2_font=\u00a0\u00bbGotham Bold|||on|||||\u00a0\u00bb header_2_text_color=\u00a0\u00bb#FFFFFF\u00a0\u00bb header_2_font_size=\u00a0\u00bb43px\u00a0\u00bb width=\u00a0\u00bb100%\u00a0\u00bb custom_margin=\u00a0\u00bb10px||25px||false|false\u00a0\u00bb animation_style=\u00a0\u00bbslide\u00a0\u00bb animation_direction=\u00a0\u00bbleft\u00a0\u00bb hover_enabled=\u00a0\u00bb0&Prime; text_font_size_tablet=\u00a0\u00bb45px\u00a0\u00bb text_font_size_phone=\u00a0\u00bb30px\u00a0\u00bb text_font_size_last_edited=\u00a0\u00bbon|phone\u00a0\u00bb header_font_size_tablet=\u00a0\u00bb40px\u00a0\u00bb header_font_size_phone=\u00a0\u00bb33px\u00a0\u00bb header_font_size_last_edited=\u00a0\u00bbon|phone\u00a0\u00bb header_2_font_size_tablet=\u00a0\u00bb35px\u00a0\u00bb header_2_font_size_phone=\u00a0\u00bb28px\u00a0\u00bb header_2_font_size_last_edited=\u00a0\u00bbon|phone\u00a0\u00bb global_colors_info=\u00a0\u00bb{}\u00a0\u00bb sticky_enabled=\u00a0\u00bb0&Prime;]<\/p>\n<p style=\"text-align: left;\">BLOG<\/p>\n<p>[\/et_pb_text][et_pb_text _builder_version=\u00a0\u00bb4.27.4&Prime; _module_preset=\u00a0\u00bbdefault\u00a0\u00bb text_text_color=\u00a0\u00bb#FFFFFF\u00a0\u00bb text_font_size=\u00a0\u00bb17px\u00a0\u00bb header_font=\u00a0\u00bbGotham Bold|600|||||||\u00a0\u00bb header_text_color=\u00a0\u00bb#FFFFFF\u00a0\u00bb header_font_size=\u00a0\u00bb48px\u00a0\u00bb width=\u00a0\u00bb100%\u00a0\u00bb custom_margin=\u00a0\u00bb10px||25px||false|false\u00a0\u00bb hover_enabled=\u00a0\u00bb0&Prime; text_font_size_tablet=\u00a0\u00bb16px\u00a0\u00bb text_font_size_phone=\u00a0\u00bb15px\u00a0\u00bb text_font_size_last_edited=\u00a0\u00bbon|phone\u00a0\u00bb header_font_size_tablet=\u00a0\u00bb40px\u00a0\u00bb header_font_size_phone=\u00a0\u00bb33px\u00a0\u00bb header_font_size_last_edited=\u00a0\u00bbon|phone\u00a0\u00bb global_colors_info=\u00a0\u00bb{}\u00a0\u00bb sticky_enabled=\u00a0\u00bb0&Prime;]<\/p>\n<p>Bienvenue sur le blog de TOCLIC (Tha\u00eflande), o\u00f9 nous rassemblons des connaissances et mettons \u00e0 jour les derni\u00e8res tendances en mati\u00e8re de marketing num\u00e9rique, de d\u00e9veloppement web, d&rsquo;image de marque et d&rsquo;outils pour aider votre entreprise \u00e0 se d\u00e9velopper en ligne. D\u00e9couvrez des conseils, des strat\u00e9gies et des id\u00e9es cr\u00e9atives qui vous aideront \u00e0 garder une longueur d&rsquo;avance sur la concurrence et \u00e0 communiquer efficacement avec vos clients. Un contenu mis \u00e0 jour chaque semaine pour que vous ne manquiez aucune opportunit\u00e9 \u00e0 l&rsquo;\u00e8re du num\u00e9rique.  <\/p>\n<p>Si vous souhaitez le personnaliser davantage pour qu&rsquo;il corresponde \u00e0 l&rsquo;image de marque de TOCLIC, faites-le nous savoir ! \ud83d\ude0a<\/p>\n<p>[\/et_pb_text][et_pb_button button_url=\u00a0\u00bb@ET-DC@eyJkeW5hbWljIjp0cnVlLCJjb250ZW50IjoicG9zdF9saW5rX3VybF9wYWdlIiwic2V0dGluZ3MiOnsicG9zdF9pZCI6IjMyNDk5MyIsImVuYWJsZV9odG1sIjoib2ZmIn19@\u00a0\u00bb button_text=\u00a0\u00bbPrenez contact avec nous\u00a0\u00bb _builder_version=\u00a0\u00bb4.27.0&Prime; _dynamic_attributes=\u00a0\u00bbbutton_url\u00a0\u00bb _module_preset=\u00a0\u00bbdefault\u00a0\u00bb custom_button=\u00a0\u00bbon\u00a0\u00bb button_text_size=\u00a0\u00bb17px\u00a0\u00bb button_text_color=\u00a0\u00bb#FFFFFF\u00a0\u00bb button_bg_color=\u00a0\u00bb#c60052&Prime; button_border_width=\u00a0\u00bb1px\u00a0\u00bb button_border_color=\u00a0\u00bb#c60052&Prime; button_border_radius=\u00a0\u00bb45px\u00a0\u00bb button_font=\u00a0\u00bb|||on|||||\u00a0\u00bb button_icon=\u00a0\u00bb&#x45;||divi||400&Prime; button_icon_color=\u00a0\u00bb#FFFFFF\u00a0\u00bb custom_margin=\u00a0\u00bb30px||||false|false\u00a0\u00bb custom_padding=\u00a0\u00bb10px|35px|10px|35px|true|true\u00a0\u00bb animation_style=\u00a0\u00bbslide\u00a0\u00bb animation_direction=\u00a0\u00bbtop\u00a0\u00bb button_text_size_tablet=\u00a0\u00bb17px\u00a0\u00bb button_text_size_phone=\u00a0\u00bb16px\u00a0\u00bb button_text_size_last_edited=\u00a0\u00bbon|phone\u00a0\u00bb locked=\u00a0\u00bboff\u00a0\u00bb global_colors_info=\u00a0\u00bb{}\u00a0\u00bb custom_padding__hover_enabled=\u00a0\u00bbon|hover\u00a0\u00bb custom_padding__hover=\u00a0\u00bb10px|50px|10px|35px|true|false\u00a0\u00bb button_bg_color__hover_enabled=\u00a0\u00bbon|hover\u00a0\u00bb button_bg_use_color_gradient__hover=\u00a0\u00bboff\u00a0\u00bb button_bg_color__hover=\u00a0\u00bb#FFFFFF\u00a0\u00bb button_bg_enable_color__hover=\u00a0\u00bbon\u00a0\u00bb button_text_color__hover_enabled=\u00a0\u00bbon|desktop\u00a0\u00bb button_text_color__hover=\u00a0\u00bb#c60052&Prime; button_icon_color__hover_enabled=\u00a0\u00bbon|hover\u00a0\u00bb button_icon_color__hover=\u00a0\u00bb#FF8C67&Prime;][\/et_pb_button][\/et_pb_column][et_pb_column type=\u00a0\u00bb1_2&Prime; _builder_version=\u00a0\u00bb4.27.0&Prime; _module_preset=\u00a0\u00bbdefault\u00a0\u00bb background_enable_image=\u00a0\u00bboff\u00a0\u00bb parallax=\u00a0\u00bbon\u00a0\u00bb background_blend=\u00a0\u00bbexclusion\u00a0\u00bb transform_scale=\u00a0\u00bb108%|108%\u00a0\u00bb custom_padding=\u00a0\u00bb0px|0px|0px|0px|false|false\u00a0\u00bb global_colors_info=\u00a0\u00bb{}\u00a0\u00bb][et_pb_image src=\u00a0\u00bbhttps:\/\/toclic.io\/wp-content\/uploads\/2024\/08\/TOCLIC_SYMBOL_WHITE.png\u00a0\u00bb title_text=\u00a0\u00bbTOCLIC_SYMBOL_WHITE\u00a0\u00bb align=\u00a0\u00bbcenter\u00a0\u00bb disabled_on=\u00a0\u00bboff|off|off\u00a0\u00bb module_class=\u00a0\u00bbrotating-image\u00a0\u00bb _builder_version=\u00a0\u00bb4.27.0&Prime; _module_preset=\u00a0\u00bbdefault\u00a0\u00bb width=\u00a0\u00bb50%\u00a0\u00bb module_alignment=\u00a0\u00bbcenter\u00a0\u00bb global_colors_info=\u00a0\u00bb{}\u00a0\u00bb][\/et_pb_image][\/et_pb_column][\/et_pb_row][\/et_pb_section][et_pb_section fb_built=\u00a0\u00bb1&Prime; _builder_version=\u00a0\u00bb4.27.0&Prime; _module_preset=\u00a0\u00bbdefault\u00a0\u00bb background_color=\u00a0\u00bb#E6ECF0&Prime; border_radii=\u00a0\u00bboff||||\u00a0\u00bb global_colors_info=\u00a0\u00bb{}\u00a0\u00bb][et_pb_row use_custom_gutter=\u00a0\u00bbon\u00a0\u00bb make_equal=\u00a0\u00bbon\u00a0\u00bb _builder_version=\u00a0\u00bb4.27.0&Prime; _module_preset=\u00a0\u00bbdefault\u00a0\u00bb background_enable_color=\u00a0\u00bboff\u00a0\u00bb width=\u00a0\u00bb95%\u00a0\u00bb max_width=\u00a0\u00bb1400px\u00a0\u00bb custom_padding=\u00a0\u00bb10px||10px||true|false\u00a0\u00bb global_colors_info=\u00a0\u00bb{}\u00a0\u00bb][et_pb_column type=\u00a0\u00bb4_4&Prime; _builder_version=\u00a0\u00bb4.27.0&Prime; _module_preset=\u00a0\u00bbdefault\u00a0\u00bb global_colors_info=\u00a0\u00bb{}\u00a0\u00bb][et_pb_blog fullwidth=\u00a0\u00bboff\u00a0\u00bb posts_number=\u00a0\u00bb100&Prime; include_categories=\u00a0\u00bball\u00a0\u00bb show_more=\u00a0\u00bbon\u00a0\u00bb show_author=\u00a0\u00bboff\u00a0\u00bb show_categories=\u00a0\u00bboff\u00a0\u00bb _builder_version=\u00a0\u00bb4.27.4&Prime; _module_preset=\u00a0\u00bbdefault\u00a0\u00bb header_level=\u00a0\u00bbh3&Prime; header_font=\u00a0\u00bbGotham Bold||||||||\u00a0\u00bb header_text_align=\u00a0\u00bbcenter\u00a0\u00bb header_text_color=\u00a0\u00bb#0C0051&Prime; header_font_size=\u00a0\u00bb24px\u00a0\u00bb body_font=\u00a0\u00bbGotham Book||||||||\u00a0\u00bb body_text_align=\u00a0\u00bbcenter\u00a0\u00bb body_text_color=\u00a0\u00bb#0C0051&Prime; body_font_size=\u00a0\u00bb15px\u00a0\u00bb meta_font=\u00a0\u00bbGotham Book||||||||\u00a0\u00bb meta_text_align=\u00a0\u00bbcenter\u00a0\u00bb meta_text_color=\u00a0\u00bb#C60052&Prime; meta_font_size=\u00a0\u00bb15px\u00a0\u00bb read_more_font=\u00a0\u00bbGotham Bold|||on|||||\u00a0\u00bb read_more_text_color=\u00a0\u00bb#C60052&Prime; custom_padding=\u00a0\u00bb20px|20px|20px|20px|true|true\u00a0\u00bb border_radii=\u00a0\u00bbon|30px|30px|30px|30px\u00a0\u00bb global_colors_info=\u00a0\u00bb{}\u00a0\u00bb][\/et_pb_blog][\/et_pb_column][\/et_pb_row][\/et_pb_section]<\/p>\n","protected":false},"excerpt":{"rendered":"<p>articleBLOGBienvenue sur le blog de TOCLIC (Tha\u00eflande), o\u00f9 nous rassemblons des connaissances et mettons \u00e0 jour les derni\u00e8res tendances en mati\u00e8re de marketing num\u00e9rique, de d\u00e9veloppement web, d&rsquo;image de marque et d&rsquo;outils pour aider votre entreprise \u00e0 se d\u00e9velopper en ligne. D\u00e9couvrez des conseils, des strat\u00e9gies et des id\u00e9es cr\u00e9atives qui vous aideront \u00e0 garder [&hellip;]<\/p>\n","protected":false},"author":2,"featured_media":0,"parent":0,"menu_order":0,"comment_status":"closed","ping_status":"closed","template":"","meta":{"_acf_changed":false,"_et_pb_use_builder":"on","_et_pb_old_content":"","_et_gb_content_width":"","footnotes":""},"class_list":["post-329778","page","type-page","status-publish","hentry"],"acf":[],"yoast_head":"<!-- This site is optimized with the Yoast SEO plugin v27.5 - https:\/\/yoast.com\/product\/yoast-seo-wordpress\/ -->\n<title>Blog - Toclic (Thailand) - Digital Marketing Agency in Koh Samui<\/title>\n<meta name=\"description\" content=\"Bienvenue sur le blog de TOCLIC (Tha\u00eflande), o\u00f9 nous rassemblons les connaissances et mettons \u00e0 jour les derni\u00e8res tendances en mati\u00e8re de marketing num\u00e9rique, de d\u00e9veloppement web...\" \/>\n<meta name=\"robots\" content=\"index, follow, max-snippet:-1, max-image-preview:large, max-video-preview:-1\" \/>\n<link rel=\"canonical\" href=\"https:\/\/toclic.io\/fr\/blog\/\" \/>\n<meta property=\"og:locale\" content=\"fr_FR\" \/>\n<meta property=\"og:type\" content=\"article\" \/>\n<meta property=\"og:title\" content=\"Blog - Toclic (Thailand) - Digital Marketing Agency in Koh Samui\" \/>\n<meta property=\"og:description\" content=\"Bienvenue sur le blog de TOCLIC (Tha\u00eflande), o\u00f9 nous rassemblons les connaissances et mettons \u00e0 jour les derni\u00e8res tendances en mati\u00e8re de marketing num\u00e9rique, de d\u00e9veloppement web...\" \/>\n<meta property=\"og:url\" content=\"https:\/\/toclic.io\/fr\/blog\/\" \/>\n<meta property=\"og:site_name\" content=\"Toclic (Thailand) - Digital Marketing Agency in Koh Samui\" \/>\n<meta property=\"article:modified_time\" content=\"2025-05-27T01:31:12+00:00\" \/>\n<meta property=\"og:image\" content=\"https:\/\/toclic.io\/wp-content\/uploads\/2024\/08\/LOGO_TOCLIC_TH.png\" \/>\n\t<meta property=\"og:image:width\" content=\"2880\" \/>\n\t<meta property=\"og:image:height\" content=\"1040\" \/>\n\t<meta property=\"og:image:type\" content=\"image\/png\" \/>\n<meta name=\"twitter:card\" content=\"summary_large_image\" \/>\n<meta name=\"twitter:label1\" content=\"Dur\u00e9e de lecture estim\u00e9e\" \/>\n\t<meta name=\"twitter:data1\" content=\"5 minutes\" \/>\n<script type=\"application\/ld+json\" class=\"yoast-schema-graph\">{\"@context\":\"https:\\\/\\\/schema.org\",\"@graph\":[{\"@type\":\"WebPage\",\"@id\":\"https:\\\/\\\/toclic.io\\\/fr\\\/blog\\\/\",\"url\":\"https:\\\/\\\/toclic.io\\\/fr\\\/blog\\\/\",\"name\":\"Blog - Toclic (Thailand) - Digital Marketing Agency in Koh Samui\",\"isPartOf\":{\"@id\":\"https:\\\/\\\/toclic.io\\\/fr\\\/#website\"},\"datePublished\":\"2024-11-25T09:06:58+00:00\",\"dateModified\":\"2025-05-27T01:31:12+00:00\",\"description\":\"Bienvenue sur le blog de TOCLIC (Tha\u00eflande), o\u00f9 nous rassemblons les connaissances et mettons \u00e0 jour les derni\u00e8res tendances en mati\u00e8re de marketing num\u00e9rique, de d\u00e9veloppement web...\",\"breadcrumb\":{\"@id\":\"https:\\\/\\\/toclic.io\\\/fr\\\/blog\\\/#breadcrumb\"},\"inLanguage\":\"fr-FR\",\"potentialAction\":[{\"@type\":\"ReadAction\",\"target\":[\"https:\\\/\\\/toclic.io\\\/fr\\\/blog\\\/\"]}]},{\"@type\":\"BreadcrumbList\",\"@id\":\"https:\\\/\\\/toclic.io\\\/fr\\\/blog\\\/#breadcrumb\",\"itemListElement\":[{\"@type\":\"ListItem\",\"position\":1,\"name\":\"Accueil\",\"item\":\"https:\\\/\\\/toclic.io\\\/fr\\\/\"},{\"@type\":\"ListItem\",\"position\":2,\"name\":\"Blog\"}]},{\"@type\":\"WebSite\",\"@id\":\"https:\\\/\\\/toclic.io\\\/fr\\\/#website\",\"url\":\"https:\\\/\\\/toclic.io\\\/fr\\\/\",\"name\":\"Toclic (Thailand) - Digital Marketing Agency in Koh Samui\",\"description\":\"\",\"publisher\":{\"@id\":\"https:\\\/\\\/toclic.io\\\/fr\\\/#organization\"},\"potentialAction\":[{\"@type\":\"SearchAction\",\"target\":{\"@type\":\"EntryPoint\",\"urlTemplate\":\"https:\\\/\\\/toclic.io\\\/fr\\\/?s={search_term_string}\"},\"query-input\":{\"@type\":\"PropertyValueSpecification\",\"valueRequired\":true,\"valueName\":\"search_term_string\"}}],\"inLanguage\":\"fr-FR\"},{\"@type\":\"Organization\",\"@id\":\"https:\\\/\\\/toclic.io\\\/fr\\\/#organization\",\"name\":\"TOCLIC (THAILAND)\",\"url\":\"https:\\\/\\\/toclic.io\\\/fr\\\/\",\"logo\":{\"@type\":\"ImageObject\",\"inLanguage\":\"fr-FR\",\"@id\":\"https:\\\/\\\/toclic.io\\\/fr\\\/#\\\/schema\\\/logo\\\/image\\\/\",\"url\":\"https:\\\/\\\/toclic.io\\\/wp-content\\\/uploads\\\/2023\\\/04\\\/TOCLIC_SYMBOL_BLUE.png\",\"contentUrl\":\"https:\\\/\\\/toclic.io\\\/wp-content\\\/uploads\\\/2023\\\/04\\\/TOCLIC_SYMBOL_BLUE.png\",\"width\":1000,\"height\":1000,\"caption\":\"TOCLIC (THAILAND)\"},\"image\":{\"@id\":\"https:\\\/\\\/toclic.io\\\/fr\\\/#\\\/schema\\\/logo\\\/image\\\/\"}}]}<\/script>\n<!-- \/ Yoast SEO plugin. -->","yoast_head_json":{"title":"Blog - Toclic (Thailand) - Digital Marketing Agency in Koh Samui","description":"Bienvenue sur le blog de TOCLIC (Tha\u00eflande), o\u00f9 nous rassemblons les connaissances et mettons \u00e0 jour les derni\u00e8res tendances en mati\u00e8re de marketing num\u00e9rique, de d\u00e9veloppement web...","robots":{"index":"index","follow":"follow","max-snippet":"max-snippet:-1","max-image-preview":"max-image-preview:large","max-video-preview":"max-video-preview:-1"},"canonical":"https:\/\/toclic.io\/fr\/blog\/","og_locale":"fr_FR","og_type":"article","og_title":"Blog - Toclic (Thailand) - Digital Marketing Agency in Koh Samui","og_description":"Bienvenue sur le blog de TOCLIC (Tha\u00eflande), o\u00f9 nous rassemblons les connaissances et mettons \u00e0 jour les derni\u00e8res tendances en mati\u00e8re de marketing num\u00e9rique, de d\u00e9veloppement web...","og_url":"https:\/\/toclic.io\/fr\/blog\/","og_site_name":"Toclic (Thailand) - Digital Marketing Agency in Koh Samui","article_modified_time":"2025-05-27T01:31:12+00:00","og_image":[{"width":2880,"height":1040,"url":"https:\/\/toclic.io\/wp-content\/uploads\/2024\/08\/LOGO_TOCLIC_TH.png","type":"image\/png"}],"twitter_card":"summary_large_image","twitter_misc":{"Dur\u00e9e de lecture estim\u00e9e":"5 minutes"},"schema":{"@context":"https:\/\/schema.org","@graph":[{"@type":"WebPage","@id":"https:\/\/toclic.io\/fr\/blog\/","url":"https:\/\/toclic.io\/fr\/blog\/","name":"Blog - Toclic (Thailand) - Digital Marketing Agency in Koh Samui","isPartOf":{"@id":"https:\/\/toclic.io\/fr\/#website"},"datePublished":"2024-11-25T09:06:58+00:00","dateModified":"2025-05-27T01:31:12+00:00","description":"Bienvenue sur le blog de TOCLIC (Tha\u00eflande), o\u00f9 nous rassemblons les connaissances et mettons \u00e0 jour les derni\u00e8res tendances en mati\u00e8re de marketing num\u00e9rique, de d\u00e9veloppement web...","breadcrumb":{"@id":"https:\/\/toclic.io\/fr\/blog\/#breadcrumb"},"inLanguage":"fr-FR","potentialAction":[{"@type":"ReadAction","target":["https:\/\/toclic.io\/fr\/blog\/"]}]},{"@type":"BreadcrumbList","@id":"https:\/\/toclic.io\/fr\/blog\/#breadcrumb","itemListElement":[{"@type":"ListItem","position":1,"name":"Accueil","item":"https:\/\/toclic.io\/fr\/"},{"@type":"ListItem","position":2,"name":"Blog"}]},{"@type":"WebSite","@id":"https:\/\/toclic.io\/fr\/#website","url":"https:\/\/toclic.io\/fr\/","name":"Toclic (Thailand) - Digital Marketing Agency in Koh Samui","description":"","publisher":{"@id":"https:\/\/toclic.io\/fr\/#organization"},"potentialAction":[{"@type":"SearchAction","target":{"@type":"EntryPoint","urlTemplate":"https:\/\/toclic.io\/fr\/?s={search_term_string}"},"query-input":{"@type":"PropertyValueSpecification","valueRequired":true,"valueName":"search_term_string"}}],"inLanguage":"fr-FR"},{"@type":"Organization","@id":"https:\/\/toclic.io\/fr\/#organization","name":"TOCLIC (THAILAND)","url":"https:\/\/toclic.io\/fr\/","logo":{"@type":"ImageObject","inLanguage":"fr-FR","@id":"https:\/\/toclic.io\/fr\/#\/schema\/logo\/image\/","url":"https:\/\/toclic.io\/wp-content\/uploads\/2023\/04\/TOCLIC_SYMBOL_BLUE.png","contentUrl":"https:\/\/toclic.io\/wp-content\/uploads\/2023\/04\/TOCLIC_SYMBOL_BLUE.png","width":1000,"height":1000,"caption":"TOCLIC (THAILAND)"},"image":{"@id":"https:\/\/toclic.io\/fr\/#\/schema\/logo\/image\/"}}]}},"_links":{"self":[{"href":"https:\/\/toclic.io\/fr\/wp-json\/wp\/v2\/pages\/329778","targetHints":{"allow":["GET"]}}],"collection":[{"href":"https:\/\/toclic.io\/fr\/wp-json\/wp\/v2\/pages"}],"about":[{"href":"https:\/\/toclic.io\/fr\/wp-json\/wp\/v2\/types\/page"}],"author":[{"embeddable":true,"href":"https:\/\/toclic.io\/fr\/wp-json\/wp\/v2\/users\/2"}],"replies":[{"embeddable":true,"href":"https:\/\/toclic.io\/fr\/wp-json\/wp\/v2\/comments?post=329778"}],"version-history":[{"count":2,"href":"https:\/\/toclic.io\/fr\/wp-json\/wp\/v2\/pages\/329778\/revisions"}],"predecessor-version":[{"id":329782,"href":"https:\/\/toclic.io\/fr\/wp-json\/wp\/v2\/pages\/329778\/revisions\/329782"}],"wp:attachment":[{"href":"https:\/\/toclic.io\/fr\/wp-json\/wp\/v2\/media?parent=329778"}],"curies":[{"name":"wp","href":"https:\/\/api.w.org\/{rel}","templated":true}]}}